{"id":5818,"date":"2023-08-16T14:24:15","date_gmt":"2023-08-16T19:24:15","guid":{"rendered":"https:\/\/urubamba.ioranahotel.com\/?page_id=5818"},"modified":"2025-08-29T11:58:37","modified_gmt":"2025-08-29T16:58:37","slug":"hoteles","status":"publish","type":"page","link":"https:\/\/urubamba.ioranahotel.com\/es\/hoteles\/","title":{"rendered":"IORANA HOTELES"},"content":{"rendered":"<div data-elementor-type=\"wp-post\" data-elementor-id=\"5818\" class=\"elementor elementor-5818\" data-elementor-post-type=\"page\">\n\t\t\t\t\t\t<section class=\"elementor-section elementor-top-section elementor-element elementor-element-6f07d09 elementor-section-boxed elementor-section-height-default elementor-section-height-default\" data-id=\"6f07d09\" data-element_type=\"section\" data-settings=\"{&quot;background_background&quot;:&quot;classic&quot;}\">\n\t\t\t\t\t\t<div class=\"elementor-container elementor-column-gap-default\">\n\t\t\t\t\t<div class=\"elementor-column elementor-col-100 elementor-top-column elementor-element elementor-element-705b425\" data-id=\"705b425\" data-element_type=\"column\">\n\t\t\t<div class=\"elementor-widget-wrap elementor-element-populated\">\n\t\t\t\t\t\t<div class=\"elementor-element elementor-element-1d18a64 elementor-widget elementor-widget-spacer\" data-id=\"1d18a64\" data-element_type=\"widget\" data-widget_type=\"spacer.default\">\n\t\t\t\t<div class=\"elementor-widget-container\">\n\t\t\t\t\t\t\t<div class=\"elementor-spacer\">\n\t\t\t<div class=\"elementor-spacer-inner\"><\/div>\n\t\t<\/div>\n\t\t\t\t\t\t<\/div>\n\t\t\t\t<\/div>\n\t\t\t\t<div class=\"elementor-element elementor-element-8390bf7 elementor-widget elementor-widget-heading\" data-id=\"8390bf7\" data-element_type=\"widget\" data-widget_type=\"heading.default\">\n\t\t\t\t<div class=\"elementor-widget-container\">\n\t\t\t\t\t<h2 class=\"elementor-heading-title elementor-size-default\">NUESTROS HOTELES<\/h2>\t\t\t\t<\/div>\n\t\t\t\t<\/div>\n\t\t\t\t<div class=\"elementor-element elementor-element-64c1991 elementor-widget-divider--view-line elementor-widget elementor-widget-divider\" data-id=\"64c1991\" data-element_type=\"widget\" data-widget_type=\"divider.default\">\n\t\t\t\t<div class=\"elementor-widget-container\">\n\t\t\t\t\t\t\t<div class=\"elementor-divider\">\n\t\t\t<span class=\"elementor-divider-separator\">\n\t\t\t\t\t\t<\/span>\n\t\t<\/div>\n\t\t\t\t\t\t<\/div>\n\t\t\t\t<\/div>\n\t\t\t\t<div class=\"elementor-element elementor-element-346d844 elementor-widget elementor-widget-text-editor\" data-id=\"346d844\" data-element_type=\"widget\" data-widget_type=\"text-editor.default\">\n\t\t\t\t<div class=\"elementor-widget-container\">\n\t\t\t\t\t\t\t\t\t<blockquote><p style=\"text-align: left;\"><span style=\"color: #808080;\">Creemos en una hospitalidad sencilla, aut\u00e9ntica y hecha con el coraz\u00f3n. Cada uno de nuestros hoteles est\u00e1 pensado para que te sientas como en casa, sin importar lo lejos que hayas viajado. <b>Nos mueve la calidez, la tranquilidad<\/b>y ese esp\u00edritu viajero que une culturas, caminos y personas.<\/span><\/p><p style=\"text-align: left;\"><span style=\"color: #808080;\"><b>Tres destinos, una experiencia Iorana.<\/b> Te invitamos a descubrir cada uno de nuestros espacios, donde la comodidad y la conexi\u00f3n con el entorno van de la mano.<\/span><\/p><p style=\"text-align: left;\"><span style=\"color: #808080; font-size: 1em;\">Explora nuestros <\/span><b style=\"color: #808080; font-size: 1em;\">tres destinos<\/b><span style=\"color: #808080; font-size: 1em;\"> y encuentra con nosotros tu lugar en el mundo.<\/span><\/p><pre style=\"text-align: left;\">\u00a0<\/pre><\/blockquote>\t\t\t\t\t\t\t\t<\/div>\n\t\t\t\t<\/div>\n\t\t\t\t\t<\/div>\n\t\t<\/div>\n\t\t\t\t\t<\/div>\n\t\t<\/section>\n\t\t<div class=\"elementor-element elementor-element-5cf586f e-flex e-con-boxed e-con e-parent\" data-id=\"5cf586f\" data-element_type=\"container\">\n\t\t\t\t\t<div class=\"e-con-inner\">\n\t\t\t\t<div class=\"elementor-element elementor-element-52c9d18 elementor-cta--skin-classic elementor-animated-content elementor-bg-transform elementor-bg-transform-zoom-in elementor-widget elementor-widget-call-to-action\" data-id=\"52c9d18\" data-element_type=\"widget\" data-widget_type=\"call-to-action.default\">\n\t\t\t\t<div class=\"elementor-widget-container\">\n\t\t\t\t\t\t\t<div class=\"elementor-cta\">\n\t\t\t\t\t<div class=\"elementor-cta__bg-wrapper\">\n\t\t\t\t<div class=\"elementor-cta__bg elementor-bg\" style=\"background-image: url(https:\/\/urubamba.ioranahotel.com\/wp-content\/uploads\/2023\/10\/iorana-hotel-10.jpg);\" role=\"img\" aria-label=\"iorana-hotel (10)\"><\/div>\n\t\t\t\t<div class=\"elementor-cta__bg-overlay\"><\/div>\n\t\t\t<\/div>\n\t\t\t\t\t\t\t<div class=\"elementor-cta__content\">\n\t\t\t\t\n\t\t\t\t\t\t\t\t\t<h2 class=\"elementor-cta__title elementor-cta__content-item elementor-content-item\">\n\t\t\t\t\t\tIORANA HOTEL\t\t\t\t\t<\/h2>\n\t\t\t\t\n\t\t\t\t\t\t\t\t\t<div class=\"elementor-cta__description elementor-cta__content-item elementor-content-item\">\n\t\t\t\t\t\tRodeado por los incre\u00edbles paisajes de Rapa Nui, el Hotel Iorana es un refugio acogedor y lleno de encanto para todo tipo de viajero.\t\t\t\t\t<\/div>\n\t\t\t\t\n\t\t\t\t\t\t\t\t\t<div class=\"elementor-cta__button-wrapper elementor-cta__content-item elementor-content-item\">\n\t\t\t\t\t<a class=\"elementor-cta__button elementor-button elementor-size-\" href=\"https:\/\/urubamba.ioranahotel.com\/es\/?page_id=5854\">\n\t\t\t\t\t\tVer m\u00e1s\t\t\t\t\t<\/a>\n\t\t\t\t\t<\/div>\n\t\t\t\t\t\t\t<\/div>\n\t\t\t\t\t\t<\/div>\n\t\t\t\t\t\t<\/div>\n\t\t\t\t<\/div>\n\t\t\t\t\t<\/div>\n\t\t\t\t<\/div>\n\t\t<div class=\"elementor-element elementor-element-9df41ac e-flex e-con-boxed e-con e-parent\" data-id=\"9df41ac\" data-element_type=\"container\">\n\t\t\t\t\t<div class=\"e-con-inner\">\n\t\t\t\t<div class=\"elementor-element elementor-element-e18ebf2 elementor-cta--skin-classic elementor-animated-content elementor-bg-transform elementor-bg-transform-zoom-in elementor-widget elementor-widget-call-to-action\" data-id=\"e18ebf2\" data-element_type=\"widget\" data-widget_type=\"call-to-action.default\">\n\t\t\t\t<div class=\"elementor-widget-container\">\n\t\t\t\t\t\t\t<div class=\"elementor-cta\">\n\t\t\t\t\t<div class=\"elementor-cta__bg-wrapper\">\n\t\t\t\t<div class=\"elementor-cta__bg elementor-bg\" style=\"background-image: url(https:\/\/urubamba.ioranahotel.com\/wp-content\/uploads\/2023\/10\/DSC2025-1024x683.jpg);\" role=\"img\" aria-label=\"_DSC2025\"><\/div>\n\t\t\t\t<div class=\"elementor-cta__bg-overlay\"><\/div>\n\t\t\t<\/div>\n\t\t\t\t\t\t\t<div class=\"elementor-cta__content\">\n\t\t\t\t\n\t\t\t\t\t\t\t\t\t<h2 class=\"elementor-cta__title elementor-cta__content-item elementor-content-item\">\n\t\t\t\t\t\tIORANA URUBAMBA\t\t\t\t\t<\/h2>\n\t\t\t\t\n\t\t\t\t\t\t\t\t\t<div class=\"elementor-cta__description elementor-cta__content-item elementor-content-item\">\n\t\t\t\t\t\tEn pleno coraz\u00f3n de los Andes, Iorana Urubamba te invita a redescubrir el Valle Sagrado desde una mirada \u00fanica.\t\t\t\t\t<\/div>\n\t\t\t\t\n\t\t\t\t\t\t\t\t\t<div class=\"elementor-cta__button-wrapper elementor-cta__content-item elementor-content-item\">\n\t\t\t\t\t<a class=\"elementor-cta__button elementor-button elementor-size-\" href=\"https:\/\/urubamba.ioranahotel.com\/es\/?page_id=6055\">\n\t\t\t\t\t\tVer m\u00e1s\t\t\t\t\t<\/a>\n\t\t\t\t\t<\/div>\n\t\t\t\t\t\t\t<\/div>\n\t\t\t\t\t\t<\/div>\n\t\t\t\t\t\t<\/div>\n\t\t\t\t<\/div>\n\t\t\t\t\t<\/div>\n\t\t\t\t<\/div>\n\t\t<div class=\"elementor-element elementor-element-f3474ed e-flex e-con-boxed e-con e-parent\" data-id=\"f3474ed\" data-element_type=\"container\">\n\t\t\t\t\t<div class=\"e-con-inner\">\n\t\t\t\t<div class=\"elementor-element elementor-element-6311a41 elementor-cta--skin-classic elementor-animated-content elementor-bg-transform elementor-bg-transform-zoom-in elementor-widget elementor-widget-call-to-action\" data-id=\"6311a41\" data-element_type=\"widget\" data-widget_type=\"call-to-action.default\">\n\t\t\t\t<div class=\"elementor-widget-container\">\n\t\t\t\t\t\t\t<div class=\"elementor-cta\">\n\t\t\t\t\t<div class=\"elementor-cta__bg-wrapper\">\n\t\t\t\t<div class=\"elementor-cta__bg elementor-bg\" style=\"background-image: url(https:\/\/urubamba.ioranahotel.com\/wp-content\/uploads\/2023\/10\/rbgsgbsbsnbt-1024x683.jpg);\" role=\"img\" aria-label=\"rbgsgbsbsnbt\"><\/div>\n\t\t\t\t<div class=\"elementor-cta__bg-overlay\"><\/div>\n\t\t\t<\/div>\n\t\t\t\t\t\t\t<div class=\"elementor-cta__content\">\n\t\t\t\t\n\t\t\t\t\t\t\t\t\t<h2 class=\"elementor-cta__title elementor-cta__content-item elementor-content-item\">\n\t\t\t\t\t\tIORANA TOLACHE\t\t\t\t\t<\/h2>\n\t\t\t\t\n\t\t\t\t\t\t\t\t\t<div class=\"elementor-cta__description elementor-cta__content-item elementor-content-item\">\n\t\t\t\t\t\tEnvuelto por la magia m\u00edstica de San Pedro de Atacama, Iorana Tolache es un verdadero oasis en el desierto.\t\t\t\t\t<\/div>\n\t\t\t\t\n\t\t\t\t\t\t\t\t\t<div class=\"elementor-cta__button-wrapper elementor-cta__content-item elementor-content-item\">\n\t\t\t\t\t<a class=\"elementor-cta__button elementor-button elementor-size-\" href=\"https:\/\/urubamba.ioranahotel.com\/es\/?page_id=6005\">\n\t\t\t\t\t\tVer m\u00e1s\t\t\t\t\t<\/a>\n\t\t\t\t\t<\/div>\n\t\t\t\t\t\t\t<\/div>\n\t\t\t\t\t\t<\/div>\n\t\t\t\t\t\t<\/div>\n\t\t\t\t<\/div>\n\t\t\t\t\t<\/div>\n\t\t\t\t<\/div>\n\t\t\t\t<\/div>","protected":false},"excerpt":{"rendered":"<p>OUR HOTELS We believe in simple, authentic, and heartfelt hospitality. Each of our hotels is designed to make you feel at home, no matter how far you&#8217;ve come. We are driven by warmth, tranquility, and that spirit of travel that connects cultures, paths, and people. Three destinations, one Iorana experience. We invite you to discover [&hellip;]<\/p>","protected":false},"author":2,"featured_media":0,"parent":0,"menu_order":14,"comment_status":"closed","ping_status":"closed","template":"","meta":{"_monsterinsights_skip_tracking":false,"_monsterinsights_sitenote_active":false,"_monsterinsights_sitenote_note":"","_monsterinsights_sitenote_category":0,"_uf_show_specific_survey":0,"_uf_disable_surveys":false,"footnotes":""},"class_list":["post-5818","page","type-page","status-publish","hentry"],"aioseo_notices":[],"_links":{"self":[{"href":"https:\/\/urubamba.ioranahotel.com\/es\/wp-json\/wp\/v2\/pages\/5818","targetHints":{"allow":["GET"]}}],"collection":[{"href":"https:\/\/urubamba.ioranahotel.com\/es\/wp-json\/wp\/v2\/pages"}],"about":[{"href":"https:\/\/urubamba.ioranahotel.com\/es\/wp-json\/wp\/v2\/types\/page"}],"author":[{"embeddable":true,"href":"https:\/\/urubamba.ioranahotel.com\/es\/wp-json\/wp\/v2\/users\/2"}],"replies":[{"embeddable":true,"href":"https:\/\/urubamba.ioranahotel.com\/es\/wp-json\/wp\/v2\/comments?post=5818"}],"version-history":[{"count":118,"href":"https:\/\/urubamba.ioranahotel.com\/es\/wp-json\/wp\/v2\/pages\/5818\/revisions"}],"predecessor-version":[{"id":8974,"href":"https:\/\/urubamba.ioranahotel.com\/es\/wp-json\/wp\/v2\/pages\/5818\/revisions\/8974"}],"wp:attachment":[{"href":"https:\/\/urubamba.ioranahotel.com\/es\/wp-json\/wp\/v2\/media?parent=5818"}],"curies":[{"name":"wp","href":"https:\/\/api.w.org\/{rel}","templated":true}]}}