{"id":8186,"date":"2025-04-08T18:08:40","date_gmt":"2025-04-08T23:08:40","guid":{"rendered":"https:\/\/urubamba.ioranahotel.com\/?page_id=8186"},"modified":"2025-04-08T18:11:06","modified_gmt":"2025-04-08T23:11:06","slug":"terminos-y-condiciones","status":"publish","type":"page","link":"https:\/\/urubamba.ioranahotel.com\/es\/terminos-y-condiciones\/","title":{"rendered":"Terminos y condiciones"},"content":{"rendered":"<div data-elementor-type=\"wp-page\" data-elementor-id=\"8186\" class=\"elementor elementor-8186\" data-elementor-post-type=\"page\">\n\t\t\t\t<div class=\"elementor-element elementor-element-5a18bbe e-flex e-con-boxed e-con e-parent\" data-id=\"5a18bbe\" data-element_type=\"container\">\n\t\t\t\t\t<div class=\"e-con-inner\">\n\t\t\t\t<div class=\"elementor-element elementor-element-29d2189 elementor-widget elementor-widget-spacer\" data-id=\"29d2189\" data-element_type=\"widget\" data-widget_type=\"spacer.default\">\n\t\t\t\t<div class=\"elementor-widget-container\">\n\t\t\t\t\t\t\t<div class=\"elementor-spacer\">\n\t\t\t<div class=\"elementor-spacer-inner\"><\/div>\n\t\t<\/div>\n\t\t\t\t\t\t<\/div>\n\t\t\t\t<\/div>\n\t\t\t\t\t<\/div>\n\t\t\t\t<\/div>\n\t\t<div class=\"elementor-element elementor-element-fb9c53b e-flex e-con-boxed e-con e-parent\" data-id=\"fb9c53b\" data-element_type=\"container\">\n\t\t\t\t\t<div class=\"e-con-inner\">\n\t\t\t\t<div class=\"elementor-element elementor-element-52d70ea elementor-widget elementor-widget-heading\" data-id=\"52d70ea\" data-element_type=\"widget\" data-widget_type=\"heading.default\">\n\t\t\t\t<div class=\"elementor-widget-container\">\n\t\t\t\t\t<h2 class=\"elementor-heading-title elementor-size-default\">Terminos y condiciones<\/h2>\t\t\t\t<\/div>\n\t\t\t\t<\/div>\n\t\t\t\t\t<\/div>\n\t\t\t\t<\/div>\n\t\t<div class=\"elementor-element elementor-element-f44be87 e-flex e-con-boxed e-con e-parent\" data-id=\"f44be87\" data-element_type=\"container\">\n\t\t\t\t\t<div class=\"e-con-inner\">\n\t\t\t\t<div class=\"elementor-element elementor-element-69ad34f elementor-widget elementor-widget-spacer\" data-id=\"69ad34f\" data-element_type=\"widget\" data-widget_type=\"spacer.default\">\n\t\t\t\t<div class=\"elementor-widget-container\">\n\t\t\t\t\t\t\t<div class=\"elementor-spacer\">\n\t\t\t<div class=\"elementor-spacer-inner\"><\/div>\n\t\t<\/div>\n\t\t\t\t\t\t<\/div>\n\t\t\t\t<\/div>\n\t\t\t\t\t<\/div>\n\t\t\t\t<\/div>\n\t\t<div class=\"elementor-element elementor-element-c2e2cc4 e-flex e-con-boxed e-con e-parent\" data-id=\"c2e2cc4\" data-element_type=\"container\">\n\t\t\t\t\t<div class=\"e-con-inner\">\n\t\t\t\t<div class=\"elementor-element elementor-element-60d345c elementor-widget elementor-widget-text-editor\" data-id=\"60d345c\" data-element_type=\"widget\" data-widget_type=\"text-editor.default\">\n\t\t\t\t<div class=\"elementor-widget-container\">\n\t\t\t\t\t\t\t\t\t<p>\u00daltima actualizaci\u00f3n: 08 de abril 2025<\/p><p>\u00a0<\/p><p>Bienvenido\/a al sitio web de HOTEL IORANA (en adelante, &#8220;el Hotel&#8221;). Al acceder, reservar o utilizar nuestros servicios, usted (&#8220;el Hu\u00e9sped&#8221;) acepta cumplir con los siguientes t\u00e9rminos y condiciones. Le recomendamos leerlos detenidamente.\u00a0<\/p><p>\u00a0<\/p><ol><li>RESERVAS<\/li><\/ol><p>&#8211; Las reservas est\u00e1n sujetas a disponibilidad y confirmaci\u00f3n por parte del Hotel.\u00a0<\/p><p>&#8211; Para garantizar la reserva, se requiere proporcionar datos personales completos (nombre, documento de identidad, correo electr\u00f3nico y m\u00e9todo de pago v\u00e1lido).\u00a0<\/p><p>&#8211; El Hu\u00e9sped debe ser mayor de 18 a\u00f1os para realizar una reserva.\u00a0<\/p><p>\u00a0<\/p><ol start=\"2\"><li>PAGOS<\/li><\/ol><p>&#8211; Los precios publicados incluyen impuestos aplicables, salvo indicaci\u00f3n expresa.\u00a0<\/p><p>&#8211; Se aceptan pagos mediante tarjeta de cr\u00e9dito\/d\u00e9bito (Visa, MasterCard, American Express), transferencia bancaria o efectivo en moneda local.\u00a0<\/p><p>&#8211; En caso de reservas no reembolsables, se cobrar\u00e1 el total al momento de la reserva. Para otras modalidades, se podr\u00e1 solicitar un dep\u00f3sito inicial.\u00a0<\/p><p>\u00a0<\/p><ol start=\"3\"><li>CANCELACIONES Y MODIFICACIONES<\/li><\/ol><p>&#8211; Cancelaciones con 72 horas o m\u00e1s de anticipaci\u00f3n: Reembolso del 100% del dep\u00f3sito (excepto reservas no reembolsables).\u00a0<\/p><p>&#8211; Cancelaciones con menos de 72 horas o no presentaci\u00f3n: No habr\u00e1 reembolso, y se cobrar\u00e1 el total de la estancia.\u00a0<\/p><p>&#8211; Las modificaciones est\u00e1n sujetas a disponibilidad y podr\u00edan generar cargos adicionales.\u00a0<\/p><p>\u00a0<\/p><ol start=\"4\"><li>CHECK-IN Y CHECK-OUT<\/li><\/ol><p>&#8211; Check-in: A partir de las 15:00 horas.\u00a0<\/p><p>&#8211; Check-out: Antes de las 12:00 horas.\u00a0<\/p><p>&#8211; Se requerir\u00e1 presentar documento de identidad y tarjeta de cr\u00e9dito para cubrir posibles cargos extras.\u00a0<\/p><p>&#8211; El incumplimiento del horario de check-out sin autorizaci\u00f3n podr\u00e1 generar cargos adicionales.\u00a0<\/p><p>\u00a0<\/p><ol start=\"5\"><li>POL\u00cdTICAS DEL HOTEL<\/li><\/ol><p>&#8211; Ni\u00f1os: Menores de 12 a\u00f1os se alojan gratis en camas existentes (sujeto a tipo de habitaci\u00f3n).\u00a0<\/p><p>&#8211; Mascotas: No se permiten, salvo autorizaci\u00f3n expresa y sujeta a condiciones.\u00a0<\/p><p>&#8211; Da\u00f1os: El Hu\u00e9sped ser\u00e1 responsable por da\u00f1os a instalaciones u objetos del Hotel.\u00a0<\/p><p>&#8211; Comportamiento: Se reserva el derecho de expulsar a hu\u00e9spedes que perturben la convivencia o incumplan normas de seguridad.\u00a0<\/p><p>\u00a0<\/p><ol start=\"6\"><li>LIMITACI\u00d3N DE RESPONSABILIDAD<\/li><\/ol><p>&#8211; El Hotel no se hace responsable de objetos perdidos, robados o da\u00f1ados dentro de las instalaciones.\u00a0<\/p><p>&#8211; Se recomienda utilizar la caja de seguridad en la habitaci\u00f3n para objetos de valor.\u00a0<\/p><p>&#8211; No nos hacemos responsables por interrupciones de servicios externos (ej. electricidad, agua) o eventos de fuerza mayor.\u00a0<\/p><p>\u00a0<\/p><ol start=\"7\"><li>PRIVACIDAD<\/li><\/ol><p>&#8211; Los datos personales se recopilan para gestionar reservas y mejorar su experiencia. Para m\u00e1s detalles, consulte nuestra Pol\u00edtica de Privacidad.\u00a0<\/p><p>\u00a0<\/p><ol start=\"8\"><li>MODIFICACIONES DE LOS T\u00c9RMINOS<\/li><\/ol><p>&#8211; HOTEL IORANA se reserva el derecho de actualizar estos t\u00e9rminos en cualquier momento. Los cambios entrar\u00e1n en vigor al publicarse en el sitio web.\u00a0<\/p><p>\u00a0<\/p><ol start=\"9\"><li>JURISDICCI\u00d3N<\/li><\/ol><p>&#8211; Cualquier disputa relacionada con estos t\u00e9rminos se regir\u00e1 por las leyes de Chile y se resolver\u00e1 en los tribunales competentes de la ciudad de Santiago.\u00a0<\/p><p>\u00a0<\/p><p>CONTACTO\u00a0<\/p><p>Para consultas sobre estos t\u00e9rminos, escr\u00edbanos a: o llame al<\/p><p>\u00a0<\/p><p>Gracias por elegir HOTEL IORANA.<\/p>\t\t\t\t\t\t\t\t<\/div>\n\t\t\t\t<\/div>\n\t\t\t\t\t<\/div>\n\t\t\t\t<\/div>\n\t\t<div class=\"elementor-element elementor-element-c8378ea e-flex e-con-boxed e-con e-parent\" data-id=\"c8378ea\" data-element_type=\"container\">\n\t\t\t\t\t<div class=\"e-con-inner\">\n\t\t\t\t<div class=\"elementor-element elementor-element-9e8af7e elementor-widget elementor-widget-spacer\" data-id=\"9e8af7e\" data-element_type=\"widget\" data-widget_type=\"spacer.default\">\n\t\t\t\t<div class=\"elementor-widget-container\">\n\t\t\t\t\t\t\t<div class=\"elementor-spacer\">\n\t\t\t<div class=\"elementor-spacer-inner\"><\/div>\n\t\t<\/div>\n\t\t\t\t\t\t<\/div>\n\t\t\t\t<\/div>\n\t\t\t\t\t<\/div>\n\t\t\t\t<\/div>\n\t\t\t\t<\/div>","protected":false},"excerpt":{"rendered":"<p>Terminos y condiciones \u00daltima actualizaci\u00f3n: 08 de abril 2025 \u00a0 Bienvenido\/a al sitio web de HOTEL IORANA (en adelante, &#8220;el Hotel&#8221;). Al acceder, reservar o utilizar nuestros servicios, usted (&#8220;el Hu\u00e9sped&#8221;) acepta cumplir con los siguientes t\u00e9rminos y condiciones. Le recomendamos leerlos detenidamente.\u00a0 \u00a0 RESERVAS &#8211; Las reservas est\u00e1n sujetas a disponibilidad y confirmaci\u00f3n por [&hellip;]<\/p>","protected":false},"author":2,"featured_media":0,"parent":0,"menu_order":0,"comment_status":"closed","ping_status":"closed","template":"","meta":{"_monsterinsights_skip_tracking":false,"_monsterinsights_sitenote_active":false,"_monsterinsights_sitenote_note":"","_monsterinsights_sitenote_category":0,"_uf_show_specific_survey":0,"_uf_disable_surveys":false,"footnotes":""},"class_list":["post-8186","page","type-page","status-publish","hentry"],"aioseo_notices":[],"_links":{"self":[{"href":"https:\/\/urubamba.ioranahotel.com\/es\/wp-json\/wp\/v2\/pages\/8186","targetHints":{"allow":["GET"]}}],"collection":[{"href":"https:\/\/urubamba.ioranahotel.com\/es\/wp-json\/wp\/v2\/pages"}],"about":[{"href":"https:\/\/urubamba.ioranahotel.com\/es\/wp-json\/wp\/v2\/types\/page"}],"author":[{"embeddable":true,"href":"https:\/\/urubamba.ioranahotel.com\/es\/wp-json\/wp\/v2\/users\/2"}],"replies":[{"embeddable":true,"href":"https:\/\/urubamba.ioranahotel.com\/es\/wp-json\/wp\/v2\/comments?post=8186"}],"version-history":[{"count":4,"href":"https:\/\/urubamba.ioranahotel.com\/es\/wp-json\/wp\/v2\/pages\/8186\/revisions"}],"predecessor-version":[{"id":8190,"href":"https:\/\/urubamba.ioranahotel.com\/es\/wp-json\/wp\/v2\/pages\/8186\/revisions\/8190"}],"wp:attachment":[{"href":"https:\/\/urubamba.ioranahotel.com\/es\/wp-json\/wp\/v2\/media?parent=8186"}],"curies":[{"name":"wp","href":"https:\/\/api.w.org\/{rel}","templated":true}]}}